{"id":10,"date":"2021-05-07T13:35:51","date_gmt":"2021-05-07T13:35:51","guid":{"rendered":"https:\/\/wenqizhao-piano.com\/?page_id=10"},"modified":"2021-12-05T23:53:41","modified_gmt":"2021-12-05T22:53:41","slug":"ueber-mich","status":"publish","type":"page","link":"https:\/\/wenqizhao-piano.com\/de\/ueber-mich\/","title":{"rendered":"\u00dcber mich"},"content":{"rendered":"\n<p style=\"font-size:26px\">                                                   <strong>Biografie<\/strong><\/p>\n\n\n\n<p>Wenqi ZHAO wurde 1994 in China geboren. Mit 4 Jahren begann sie Klavier zu spielen und mit 11 Jahren wurde sie vom Musik Gymnasium in ihrer Heimatstadt Fuzhou aufgenommen. Mit 15 Jahren setzte sie das Musik Gymnasium des China Conservatory of Music in Beijing fort.&nbsp;<\/p>\n\n\n\n<p>Von 2012 bis 2016 studierte sie Konzertfach Klavier am \u201cChina Conservatory of Music\u201d bei Prof. JingJing LIN (Singapur) in Beijing. Nachdem sie ihr Bachelor-Studium mit Auszeichnung abgeschlossen hatte, ging sie nach Deutschland, um in Berlin ihr Studium fortzusetzen. W\u00e4hrend dieser Zeit besuchte sie sechzehn St\u00e4dte in Deutschland um dort Meisterkurse und Konzerte zu absolvieren.<\/p>\n\n\n\n<p>Von 2017 bis 2020 studierte sie in Wien und erwarb das \u201cZertifikat f\u00fcr Klavier Performance\u201d mit Auszeichnung an der Wiener Musik und Kunst Universit\u00e4t. Seit September 2020 absolviert sie das Klavier Master Performance Studium bei Prof. Karl-Andreas Kolly an der Z\u00fcrcher Hochschule der K\u00fcnste in Z\u00fcrich.&nbsp;<\/p>\n\n\n\n<p>Meister Kurse absolvierte sie bei Meister Herr Paul Badura-Skoda(1927-2019), Meister Herr J\u00f6rg Demus(1928-2019)und so weiter.<\/p>\n\n\n\n<p><\/p>\n\n\n\n<h2 class=\"wp-block-heading\">Konzertauftritte<\/h2>\n\n\n\n<p>Als Solistin, Kammermusikerin und f\u00fcr Liedbegleitung spielt sie regelm\u00e4ssige in Asien und Europa:<\/p>\n\n\n\n<ul class=\"wp-block-list\"><li>Nationalbibliothek China (Beijing)<\/li><li>Hong Kong Baptist University Konzert Saal (Hongkong)<\/li><li>Haydn Saal des Schlosses Esterhazy in Eisenstadt (\u00d6sterreich)<\/li><li>Kammermusikonzert in Voith &#8211; Villa, St.P\u00f6lten (\u00d6sterreich)<\/li><li>Liederabend mit Anna Nekhames im B\u00f6sendorfer Salon beim Musikverein (\u00d6sterreich)<\/li><li>Klavierrezital im Palais Ehrbar in Wien (\u00d6sterreich)<\/li><li>Benefizkonzert im Pflegeheim des \u00d6JAB, welches viel positive Resonanz erhielt (\u00d6sterreich)<\/li><\/ul>\n\n\n\n<h2 class=\"wp-block-heading\">Preise<\/h2>\n\n\n\n<ul class=\"wp-block-list\"><li>1. Preis beim 59. Internationalen GROTRIAN-STEINWEG Klavier Wettbewerb zu Ehren von Clara Schumann (Asien\/Pazifik) in der Gruppe Beethoven (2014)<\/li><li>4. Preis beim Leschetizky Klavier Wettbewerb und das Stipendium zur Teilnahme an der International Summer Academy Theodor Leschetizky in Wien (2015)<\/li><li>Auszeichnung beim 18th OSAKA International Musik Wettbewerb in Wien und Finale in Japan (2017)<\/li><li>1. Preis beim 4th TOYAMA Jugendklavier Wettbewerb in Fujian Provinz und Finale in Hongkong (2009)<\/li><li>1. Preis beim Taiwan Musik Festival in der Klavier Gruppe (2006)&nbsp;<\/li><\/ul>\n\n\n\n<p><\/p>\n","protected":false},"excerpt":{"rendered":"<p>Biografie Wenqi ZHAO wurde 1994 in China geboren. Mit 4 Jahren begann sie Klavier zu spielen und mit 11 Jahren wurde sie vom Musik Gymnasium in ihrer Heimatstadt Fuzhou aufgenommen.<span class=\"dots\"> &hellip; <\/span><span class=\"link-more\"><a href=\"https:\/\/wenqizhao-piano.com\/de\/ueber-mich\/\" class=\"more-link\">Read more <span class=\"screen-reader-text\">&#8222;\u00dcber mich&#8220;<\/span><\/a><\/span><\/p>\n","protected":false},"author":1,"featured_media":346,"parent":0,"menu_order":0,"comment_status":"closed","ping_status":"closed","template":"","meta":{"spay_email":"","footnotes":""},"class_list":["post-10","page","type-page","status-publish","has-post-thumbnail","hentry"],"jetpack_shortlink":"https:\/\/wp.me\/Pd3gDW-a","_links":{"self":[{"href":"https:\/\/wenqizhao-piano.com\/de\/wp-json\/wp\/v2\/pages\/10","targetHints":{"allow":["GET"]}}],"collection":[{"href":"https:\/\/wenqizhao-piano.com\/de\/wp-json\/wp\/v2\/pages"}],"about":[{"href":"https:\/\/wenqizhao-piano.com\/de\/wp-json\/wp\/v2\/types\/page"}],"author":[{"embeddable":true,"href":"https:\/\/wenqizhao-piano.com\/de\/wp-json\/wp\/v2\/users\/1"}],"replies":[{"embeddable":true,"href":"https:\/\/wenqizhao-piano.com\/de\/wp-json\/wp\/v2\/comments?post=10"}],"version-history":[{"count":21,"href":"https:\/\/wenqizhao-piano.com\/de\/wp-json\/wp\/v2\/pages\/10\/revisions"}],"predecessor-version":[{"id":375,"href":"https:\/\/wenqizhao-piano.com\/de\/wp-json\/wp\/v2\/pages\/10\/revisions\/375"}],"wp:featuredmedia":[{"embeddable":true,"href":"https:\/\/wenqizhao-piano.com\/de\/wp-json\/wp\/v2\/media\/346"}],"wp:attachment":[{"href":"https:\/\/wenqizhao-piano.com\/de\/wp-json\/wp\/v2\/media?parent=10"}],"curies":[{"name":"wp","href":"https:\/\/api.w.org\/{rel}","templated":true}]}}