{"id":54,"date":"2021-05-08T10:23:56","date_gmt":"2021-05-08T10:23:56","guid":{"rendered":"https:\/\/wenqizhao-piano.com\/?page_id=54"},"modified":"2021-12-06T00:36:34","modified_gmt":"2021-12-05T23:36:34","slug":"home","status":"publish","type":"page","link":"https:\/\/wenqizhao-piano.com\/de\/","title":{"rendered":"WENQI  ZHAO"},"content":{"rendered":"\n<blockquote class=\"wp-block-quote has-text-align-left is-layout-flow wp-block-quote-is-layout-flow\"><p><strong>Die Musik dr\u00fcckt das aus, was nicht gesagt werden kann und wor\u00fcber zu schweigen unm\u00f6glich ist.<\/strong><\/p><cite>von Victor Hugo<\/cite><\/blockquote>\n\n\n\n<p><\/p>\n","protected":false},"excerpt":{"rendered":"<p>Die Musik dr\u00fcckt das aus, was nicht gesagt werden kann und wor\u00fcber zu schweigen unm\u00f6glich ist. von Victor Hugo<\/p>\n","protected":false},"author":1,"featured_media":347,"parent":0,"menu_order":0,"comment_status":"closed","ping_status":"closed","template":"","meta":{"spay_email":"","footnotes":""},"class_list":["post-54","page","type-page","status-publish","has-post-thumbnail","hentry"],"jetpack_shortlink":"https:\/\/wp.me\/Pd3gDW-S","_links":{"self":[{"href":"https:\/\/wenqizhao-piano.com\/de\/wp-json\/wp\/v2\/pages\/54","targetHints":{"allow":["GET"]}}],"collection":[{"href":"https:\/\/wenqizhao-piano.com\/de\/wp-json\/wp\/v2\/pages"}],"about":[{"href":"https:\/\/wenqizhao-piano.com\/de\/wp-json\/wp\/v2\/types\/page"}],"author":[{"embeddable":true,"href":"https:\/\/wenqizhao-piano.com\/de\/wp-json\/wp\/v2\/users\/1"}],"replies":[{"embeddable":true,"href":"https:\/\/wenqizhao-piano.com\/de\/wp-json\/wp\/v2\/comments?post=54"}],"version-history":[{"count":8,"href":"https:\/\/wenqizhao-piano.com\/de\/wp-json\/wp\/v2\/pages\/54\/revisions"}],"predecessor-version":[{"id":371,"href":"https:\/\/wenqizhao-piano.com\/de\/wp-json\/wp\/v2\/pages\/54\/revisions\/371"}],"wp:featuredmedia":[{"embeddable":true,"href":"https:\/\/wenqizhao-piano.com\/de\/wp-json\/wp\/v2\/media\/347"}],"wp:attachment":[{"href":"https:\/\/wenqizhao-piano.com\/de\/wp-json\/wp\/v2\/media?parent=54"}],"curies":[{"name":"wp","href":"https:\/\/api.w.org\/{rel}","templated":true}]}}